{"id":2606,"date":"2019-09-26T13:13:39","date_gmt":"2019-09-26T13:13:39","guid":{"rendered":"http:\/\/city-media-tv.de\/?page_id=2606"},"modified":"2019-09-26T15:22:12","modified_gmt":"2019-09-26T15:22:12","slug":"bucher","status":"publish","type":"page","link":"https:\/\/city-media-tv.de\/?page_id=2606","title":{"rendered":"B\u00fccher"},"content":{"rendered":"<p>[vc_row css=&#8220;.vc_custom_1476965293052{padding-top: 50px !important;background-color: #c6beb1 !important;}margin-bottom: 50px !important;background-color: #d1d1d1 !important;}&#8220;][vc_column css=&#8220;.vc_custom_1476878892698{background-color: #c9c9c9 !important;}&#8220;]<div class=\"promo_box has_border\"><div class=\"promo_box_wrapper promo_box_left\"><div class=\"photo_wrapper\"><img decoding=\"async\" class=\"scale-with-grid\" src=\"https:\/\/city-media-tv.de\/wp-content\/uploads\/2019\/09\/Buch_IK_HJ-e1569513576545.jpg\" alt=\"\" width=\"\" height=\"\"\/><\/div><div class=\"desc_wrapper\"><h2><strong>Aufschrei der Meere - Spiegel Bestseller<\/strong><\/h2><div class=\"desc\"><br \/>\nWas unsere Ozeane bedroht und wie wir sie sch\u00fctzen m\u00fcssen Wale und Delfine verenden durch Plastikm\u00fcll, der Klimawandel vernichtet Korallenriffe, die Ozeane werden leer gefischt, Pestizide und Zivilisationsm\u00fcll vergiften diesen Lebensraum. Zahlreiche Umwelts\u00fcnden stellen eine dramatische Bedrohung f\u00fcr die einzigartige Unterwasserwelt dar. Dabei ist nicht nur die Sch\u00f6nheit und Vielfalt der Meere bedroht, sondern auch das \u00dcberleben der Menschheit. Dar\u00fcber zu informieren und L\u00f6sungen aufzuzeigen, ist die Mission, der sich Bestsellerautor und Aktivist Hannes Jaenicke und Wissenschaftsjournalistin Dr. Ina Knobloch verschrieben haben. In ihrem ersten gemeinsamen Buch erz\u00e4hlen die beiden Vollblut-Umweltsch\u00fctzer davon, was sie antreibt, sich unerm\u00fcdlich f\u00fcr unsere Ozeane einzusetzen. Ihre erschreckenden Beobachtungen zeigen, dass wir kurz vor der Katastrophe stehen. Umso lauter ist ihr dringender Appell: Rettet die Meere \u2013 jetzt!<\/p>\n<ul>\n<li><b>Gebundene Ausgabe:<\/b>&nbsp;320 Seiten<\/li>\n<li><b>Verlag:<\/b>&nbsp;Ullstein Hardcover; Auflage: 1. (13. September 2019)<\/li>\n<li><b>Sprache:<\/b>&nbsp;Deutsch<\/li>\n<li><b>ISBN-10:<\/b>&nbsp;3550200471<\/li>\n<li><b>ISBN-13:<\/b>&nbsp;978-3550200472<\/li>\n<\/ul>\n<p><\/div><\/div><\/div><\/div>\n<div class=\"promo_box no_border\"><div class=\"promo_box_wrapper promo_box_left\"><div class=\"photo_wrapper\"><img decoding=\"async\" class=\"scale-with-grid\" src=\"https:\/\/city-media-tv.de\/wp-content\/uploads\/2019\/09\/Knobloch_Baumhaus.jpg\" alt=\"\" width=\"\" height=\"\"\/><\/div><div class=\"desc_wrapper\"><h2>Baumhaus mit Faultier<\/h2><div class=\"desc\">&#8222;Ich wei\u00df nicht, ob es Tarzan, Jane oder Mogli war, wodurch ich als Kind mit dem Dschungel- und Baumhausfieber infiziert wurde. Ich war jedenfalls noch sehr jung. Ansonsten eher die Prinzessin auf der Erbse kletterte ich wie ein Affe an allen Turnstangen und \u2013seilen hoch, bezwang B\u00e4ume wie eine Katze und vermisste schon als kleines Kind einen Urwald und ein Baumhaus.&#8220;<\/p>\n<p>Die Biologin und Filmemacherin Dr. Ina Knobloch reiste durch die ganze Welt, um sich Inspirationen f\u00fcr ihr Baumhaus zu holen. In jahrelanger Forschung lernte sie die artenreichsten Lebensr\u00e4ume der Erde kennen. Und nach 30 Jahren erf\u00fcllt sie sich endlich ihren Lebenstraum: Ein eigenes Baumhaus in Costa Rica &#8211; auf einem Grundst\u00fcck, auf dem sie 1987 selbst die B\u00e4ume gepflanzt hatte. Ina Knobloch will der Welt den Regenwald n\u00e4her bringen und setzt sich gleichzeitig f\u00fcr seinen Schutz ein. Ein Weg voller H\u00fcrden und R\u00fcckschl\u00e4ge, aber auch einmaliger Begegnungen und gro\u00dfartiger Abenteuer.<\/p>\n<p>Broschiert: 320 Seiten<br \/>\nVerlag: Ullstein Paperback; Auflage: 1. (10. August 2018)<br \/>\nSprache: Deutsch<br \/>\nISBN-10: 3864930626<br \/>\nISBN-13: 978-3864930621<\/p>\n<p><\/div><\/div><\/div><\/div>\n[\/vc_column][\/vc_row][vc_row 1=&#8220;50px&#8220; 2=&#8220;!important;background-color:&#8220; 3=&#8220;#c6beb1&#8243; 4=&#8220;4=&#8222;!important;}&#8220;]<div class=\"promo_box has_border\"><div class=\"promo_box_wrapper promo_box_left\"><div class=\"photo_wrapper\"><img decoding=\"async\" class=\"scale-with-grid\" src=\"https:\/\/city-media-tv.de\/wp-content\/uploads\/2016\/09\/Buch-Farina_Duft_Koeln-e1476965510494.jpg\" alt=\"\" width=\"\" height=\"\"\/><\/div><div class=\"desc_wrapper\"><h2>Farina - Der Duft von K\u00f6ln<\/h2><div class=\"desc\"><br \/>\n<strong>Die Fortsetzung des Bestsellers<\/strong><br \/>\n&#8222;K\u00f6ln 1715. Giovanni Maria Farinas Aussichten sind d\u00fcster. Es ist die Zeit der Hungersn\u00f6te, Kriege und Vertreibungen, f\u00fcr Luxuswaren wie Parf\u00fcm haben die Menschen kein Geld. Zudem muss sich der Erfinder des Eau de Cologne gegen skrupellose Rivalen zur Wehr setzen. Sein gr\u00f6\u00dfter Widersacher ist der selbst ernannte Graf Gondo. Es ist der Mann von Giovannis gro\u00dfer Liebe Antonia \u2013 der Mann, der zwischen ihm und dem Gl\u00fcck steht. Der Mann, der ihn um jeden Preis vernichten will&#8230;<\/p>\n<p><strong>Ein Duft erobert die Welt \u2013 Ina Knobloch erz\u00e4hlt die Geschichte des gr\u00f6\u00dften Parf\u00fcmeurs aller Zeiten <\/strong><br \/>\nH\u00e4tte Giovanni Maria Farina nicht D\u00fcfte sondern Musik komponiert, w\u00fcrde man ihn heute in einem Atemzug mit Mozart, Bach oder Vivaldi nennen. Der Erfinder des modernen Parf\u00fcms war ein Genie, getrieben von der Suche nach dem perfekten Duft. Sein Wirken hat die Jahrhunderte \u00fcberdauert. Sein Eau de Cologne ist weltweit bekannt. Kaiser und K\u00f6nige, K\u00fcnstler und Kaufleute h\u00fcllten sich in Farinas Duft, der als Vorbild f\u00fcr alle modernen Parf\u00fcms gilt und bis heute verehrt wird.<br \/>\nDie Autorin Ina Knobloch zeichnet in ihrem Buch die bewegte Lebensgeschichte Farinas nach, der gegen alle Widerst\u00e4nde aus einer kleinen K\u00f6lner Manufaktur ein Unternehmen gemacht hat, dessen Name rund um den Globus f\u00fcr einen Duft steht, der die Sinne bet\u00f6rt. Einf\u00fchlsam und hervorragend recherchiert schildert Knobloch, wie der feingeistige Farina mit den Konventionen einer Epoche ringt, die ganz vom Adel und seiner Macht bestimmt ist. Die innige Liebe zu Antonia, die in einer ungl\u00fccklichen Ehe mit Bernado Graf von Gondo, Giovannis gro\u00dfem Widersacher, lebt, ist eine ebenso traurige wie anr\u00fchrende Romanze. Ina Knobloch gelingt eine schillernde Zeitreise und eine beeindruckende literarische Melange aus D\u00fcften, Liebe, Macht, Intrigen und Historie.&#8220;<br \/>\nEmons Verlag<\/p>\n<p>Taschenbuch: 272 Seiten<br \/>\nVerlag: Emons Verlag (19. Oktober 2016)<br \/>\nSprache: Deutsch<br \/>\nISBN-10: 3954519941<br \/>\nISBN-13: 978-3954519941<\/p>\n<p><\/div><\/div><\/div><\/div>\n<div class=\"promo_box has_border\"><div class=\"promo_box_wrapper promo_box_left\"><div class=\"photo_wrapper\"><img decoding=\"async\" class=\"scale-with-grid\" src=\"https:\/\/city-media-tv.de\/wp-content\/uploads\/2016\/10\/Buch-Farina_Parfumeur_Koeln.jpg\" alt=\"\" width=\"\" height=\"\"\/><\/div><div class=\"desc_wrapper\"><h2>Farina - Der Parf\u00fcmeur von K\u00f6ln<\/h2><div class=\"desc\">Norditalien 1685: Zwischen Blumenwiesen und Bergen w\u00e4chst Giovanni Maria Farina heran. Gesegnet mit einem \u00e4u\u00dferst feinen Geruchssinn avanciert er vom Bauernjungen zum Liebling der Gesellschaft. Denn er kreiert etwas, nach dem alle lechzen: ein Parf\u00fcm das ewige Jugend verhei\u00dft. Im Rausch der ersten Liebe ist er besessen von dem Gedanken, einen einzigartigen Duft f\u00fcr seine Angebetete zu schaffen, und treibt sie damit geradewegs in die Arme seinen Nebenbuhlers. Tief verletzt \u00e4ndert er die Rezeptur und widmet sie schlie\u00dflich der Stadt, die seine Liebe rettet &#8211; aus seinem Aqua mirabilis wird das weltber\u00fchmte Eau de Cologne&#8230;<br \/>\nZitrusfr\u00fcchte und Moschus, Ambra und Bergnarzissen: die wahre Geschichte des Parf\u00fcms in einer sinnlich-opulenten Entdeckungsreise zwischen Venedig, Paris und K\u00f6ln.<br \/>\nTaschenbuch: 400 Seiten<br \/>\nVerlag: Emons Verlag; Auflage: 2 (10. Dezember 2015)<br \/>\nSprache: Deutsch<br \/>\nISBN-10: 3954517477<br \/>\nISBN-13: 978-3954517473<\/p>\n<p><strong>&#8222;Ein einf\u00fchlsamer, sehr spannender historischer Roman.&#8220;&nbsp;K\u00f6lner Bilderbogen<\/strong><br \/>\n<\/div><\/div><\/div><\/div>\n[\/vc_row][vc_row css=&#8220;.vc_custom_1476879820297{padding-top: 50px !important;}&#8220;][vc_column css=&#8220;.vc_custom_1476806183400{background-color: #c9aee2 !important;}&#8220;]<div class=\"promo_box has_border\"><div class=\"promo_box_wrapper promo_box_left\"><div class=\"photo_wrapper\"><img decoding=\"async\" class=\"scale-with-grid\" src=\"https:\/\/city-media-tv.de\/wp-content\/uploads\/2016\/10\/Buch-Der-Duftmacher-1.jpg\" alt=\"\" width=\"\" height=\"\"\/><\/div><div class=\"desc_wrapper\"><h2>Der Duftmacher: Historischer Roman<\/h2><div class=\"desc\">Der Geruch nach Rose und Lavendel, der Geschmack von bitterer Schokolade und eine Geschichte um Liebe, Hass und eine bet\u00f6rende Entdeckung. Der aus jeder Zeile duftende Roman um den Parf\u00fcmeur, der Anfang des 18. Jahrhunderts das Eau de Cologne erfand und K\u00f6ln zur Hauptstadt der D\u00fcfte machte. Ein Gemisch aus Bergamotte und Mandel\u00f6l ist das Erste, was seine feine Nase entz\u00fcckt: Schon bei seiner Geburt im Jahre 1685 l\u00e4sst sich erahnen, dass f\u00fcr Giovanni Maria Farina das Riechen eine ganz besondere Rolle spielt. Als Kind liebt er den Geruch der Bergluft und der Tautropfen, und seine Ankunft in Venedig er\u00f6ffnet ihm die D\u00fcfte der Welt. Doch erst ihre N\u00e4he raubt ihm die Sinne: Es ist \u00bbder zarte Geruch der Jungfrau, vermischt mit dezenter Zitrusnote und einem Hauch von Veilchen\u00ab, der seine Liebe zu der Kaufmannstochter Antonia Brentano n\u00e4hrt. Und von da an bestimmt der Wunsch, f\u00fcr sie den perfekten Duft zu kreieren, sein Leben. Dabei entgeht seiner feinen Nase die gef\u00e4hrliche N\u00e4he seines gr\u00f6\u00dften Rivalen. Und der ist zu allem bereit, um den verhassten Konkurrenten aus dem Weg zu r\u00e4umen.<br \/>\nGebundene Ausgabe: 352 Seiten<br \/>\nVerlag: Pendo (1. September 2010)<br \/>\nSprache: Deutsch<br \/>\nISBN-10: 3866122675<br \/>\nISBN-13: 978-3866122673<\/p>\n<p><\/div><\/div><\/div><\/div>\n[\/vc_column][\/vc_row][vc_row css=&#8220;.vc_custom_1476809348343{padding-bottom: 50px !important;border-radius: 1px !important;}&#8220;][vc_column css=&#8220;.vc_custom_1476807604696{background-color: #98afd3 !important;}&#8220;]<div class=\"promo_box has_border\"><div class=\"promo_box_wrapper promo_box_left\"><div class=\"photo_wrapper\"><img decoding=\"async\" class=\"scale-with-grid\" src=\"https:\/\/city-media-tv.de\/wp-content\/uploads\/2016\/10\/Die_Schatzinsel.jpg\" alt=\"\" width=\"\" height=\"\"\/><\/div><div class=\"desc_wrapper\"><h2>Das Geheimnis der Schatzinsel: Robert Louis Stevenson und die Kokosinsel<\/h2><div class=\"desc\">Sie liegt 500 Kilometer vor der K\u00fcste Costa Ricas, sie ist 24 km2 gro\u00df, unbewohnt und seit 1997 Weltnaturerbe: die Kokosinsel. Doch sie hat nicht allein \u00fcberw\u00e4ltigende Natursch\u00e4tze zu bieten; unz\u00e4hlige Schatzsucherlegenden ranken sich um das Eiland, das Robert Louis Stevenson zu seinem Klassiker Die Schatzinsel (1883) inspiriert haben soll. Ina Knobloch landete zum ersten Mal vor \u00fcber 20 Jahren in naturwissenschaftlicher Mission auf der Insel und wurde unverhofft vom Schatzfieber gepackt. Besonders eine Legende hat sie in ihren Bann geschlagen: Seit 1821 soll der gro\u00dfe Kirchenschatz von Lima, Gold und Juwelen im Wert von mehreren Milliarden Dollar, auf der Insel begraben liegen. Auf den Spuren der bekanntesten Piraten und Schatzj\u00e4ger verfolgt die Autorin die Geschichte des spanischen Goldes. Ihre Recherchen f\u00fchren sie nach Neufundland und zu Wirkungsst\u00e4tten Stevensons in Kalifornien, Schottland und der Schweiz, bis sich das Puzzle zusammenf\u00fcgt. In ihrem Buch entf\u00fchrt Ina Knobloch den Leser in eine Welt voller Naturwunder und erz\u00e4hlt die faszinierende Geschichte der sagenumwobenen Kokosinsel. Sie liefert Indizien daf\u00fcr, dass die Insel Stevenson tats\u00e4chlich als Vorlage f\u00fcr seinen Roman diente und dass dieser einen Schl\u00fcssel zum Versteck des gro\u00dfen Schatzes enth\u00e4lt.<br \/>\nGebundene Ausgabe: 224 Seiten<br \/>\nVerlag: Mare Buchverlag Gmbh + Co; Auflage: 1 (24. Februar 2009)<br \/>\nSprache: Deutsch<br \/>\nISBN-10: 3866480970<br \/>\nISBN-13: 978-3866480971<\/p>\n<p><\/div><\/div><\/div><\/div>\n[\/vc_column][\/vc_row][vc_row gap=&#8220;1&#8243;][vc_column css=&#8220;.vc_custom_1476809279745{padding-bottom: 5px !important;background-color: #ddaaaa !important;border-radius: 1px !important;}&#8220;]<div class=\"promo_box has_border\"><div class=\"promo_box_wrapper promo_box_left\"><div class=\"photo_wrapper\"><img decoding=\"async\" class=\"scale-with-grid\" src=\"https:\/\/city-media-tv.de\/wp-content\/uploads\/2016\/10\/Buch-Rosenduft-und-bl\u00fctenzauber.jpg\" alt=\"\" width=\"\" height=\"\"\/><\/div><div class=\"desc_wrapper\"><h2>Rosenduft und Bl\u00fctenzauber: Ein Streifzug durch die Welt der Rosen<\/h2><div class=\"desc\">Haben Sie sich nicht auch schon gefragt, warum echtes Rosen\u00f6l oder -parf\u00fcm so teuer ist? Ob es das ber\u00fchmte Dornr\u00f6schenschloss wirklich gibt? Warum die Rosen im Garten Ihrer Nachbarin so \u00fcppig bl\u00fchen? Diese und andere Geheimnisse, die sich hinter der duftenden Sch\u00f6nheit verbergen, werden in diesem Buch gel\u00fcftet. Daneben erfahren Sie einiges \u00fcber die Geschichte der Rose, und warum sie seit Jahrhunderten Dichter und K\u00fcnstler inspiriert. Sie bekommen einen Eindruck vom Leben in ber\u00fchmten Rosenorten und sind hautnah bei der Rosenernte in Marokko oder Bulgarien dabei..<br \/>\nNeben wirkungsvollen Tipps f\u00fcr die Pflege Ihrer Rosen finden Sie Anleitungen f\u00fcr Torten und andere K\u00f6stlichkeiten, mit denen Sie Ihre Lieben \u00fcberraschen k\u00f6nnen. Ein kurzes Glossar weiht Sie in die Mysterien des Rosenparf\u00fcms ein, Rezepturen f\u00fcr Ihr eigenes Wohlbefinden sowie eine Auswahl der interessantesten Roseng\u00e4rten in Deutschland, der Schweiz und \u00d6sterreich runden dieses Buch, das die vielf\u00e4ltigen Aspekte der Rose beleuchtet, ab.<br \/>\nGebundene Ausgabe: 208 Seiten<br \/>\nVerlag: FISCHER Scherz; Auflage: 1 (11. M\u00e4rz 2008)<br \/>\nSprache: Deutsch<br \/>\nISBN-10: 3502151172<br \/>\nISBN-13: 978-3502151173<\/p>\n<p><\/div><\/div><\/div><\/div>\n[\/vc_column][\/vc_row][vc_row css=&#8220;.vc_custom_1476878945228{padding-top: 50px !important;}&#8220;][vc_column css=&#8220;.vc_custom_1476808232449{background-color: #ddc49b !important;}&#8220;]<div class=\"promo_box has_border\"><div class=\"promo_box_wrapper promo_box_left\"><div class=\"photo_wrapper\"><img decoding=\"async\" class=\"scale-with-grid\" src=\"https:\/\/city-media-tv.de\/wp-content\/uploads\/2016\/10\/Buch-Costa-Rica-Reisef\u00fchrer.jpg\" alt=\"\" width=\"\" height=\"\"\/><\/div><div class=\"desc_wrapper\"><h2>Hildebrands Urlaubsf\u00fchrer, Bd.27, Costa Rica<\/h2><div class=\"desc\">Broschiert: 205 Seiten<br \/>\nVerlag: Karto + Grafik (August 2002)<br \/>\nSprache: Deutsch<br \/>\nISBN-10: 3889891187<br \/>\nISBN-13: 978-3889891181<\/div><\/div><\/div><\/div>\n[\/vc_column][\/vc_row]<\/p>\n","protected":false},"excerpt":{"rendered":"<p>[vc_row css=&#8220;.vc_custom_1476965293052{padding-top: 50px !important;background-color: #c6beb1 !important;}margin-bottom: 50px !important;background-color: #d1d1d1 !important;}&#8220;][vc_column css=&#8220;.vc_custom_1476878892698{background-color: #c9c9c9 !important;}&#8220;][\/vc_column][\/vc_row][vc_row 1=&#8220;50px&#8220; 2=&#8220;!important;background-color:&#8220; 3=&#8220;#c6beb1&#8243; 4=&#8220;4=&#8222;!important;}&#8220;][\/vc_row][vc_row css=&#8220;.vc_custom_1476879820297{padding-top: 50px !important;}&#8220;][vc_column css=&#8220;.vc_custom_1476806183400{background-color: #c9aee2 !important;}&#8220;][\/vc_column][\/vc_row][vc_row css=&#8220;.vc_custom_1476809348343{padding-bottom: 50px !important;border-radius:<span class=\"excerpt-hellip\"> [\u2026]<\/span><\/p>\n","protected":false},"author":1,"featured_media":0,"parent":2324,"menu_order":0,"comment_status":"closed","ping_status":"closed","template":"","meta":{"footnotes":""},"class_list":["post-2606","page","type-page","status-publish","hentry"],"_links":{"self":[{"href":"https:\/\/city-media-tv.de\/index.php?rest_route=\/wp\/v2\/pages\/2606","targetHints":{"allow":["GET"]}}],"collection":[{"href":"https:\/\/city-media-tv.de\/index.php?rest_route=\/wp\/v2\/pages"}],"about":[{"href":"https:\/\/city-media-tv.de\/index.php?rest_route=\/wp\/v2\/types\/page"}],"author":[{"embeddable":true,"href":"https:\/\/city-media-tv.de\/index.php?rest_route=\/wp\/v2\/users\/1"}],"replies":[{"embeddable":true,"href":"https:\/\/city-media-tv.de\/index.php?rest_route=%2Fwp%2Fv2%2Fcomments&post=2606"}],"version-history":[{"count":23,"href":"https:\/\/city-media-tv.de\/index.php?rest_route=\/wp\/v2\/pages\/2606\/revisions"}],"predecessor-version":[{"id":2633,"href":"https:\/\/city-media-tv.de\/index.php?rest_route=\/wp\/v2\/pages\/2606\/revisions\/2633"}],"up":[{"embeddable":true,"href":"https:\/\/city-media-tv.de\/index.php?rest_route=\/wp\/v2\/pages\/2324"}],"wp:attachment":[{"href":"https:\/\/city-media-tv.de\/index.php?rest_route=%2Fwp%2Fv2%2Fmedia&parent=2606"}],"curies":[{"name":"wp","href":"https:\/\/api.w.org\/{rel}","templated":true}]}}