{"id":2436,"date":"2016-10-20T12:43:34","date_gmt":"2016-10-20T12:43:34","guid":{"rendered":"http:\/\/citymediatv.apps-1and1.net\/?page_id=2436"},"modified":"2017-03-19T18:32:19","modified_gmt":"2017-03-19T18:32:19","slug":"ina-knobloch-2","status":"publish","type":"page","link":"https:\/\/city-media-tv.de\/?page_id=2436","title":{"rendered":"Ina Knobloch"},"content":{"rendered":"<p>[vc_row][vc_column css=&#8220;.vc_custom_1476966999218{margin-right: -100px !important;}&#8220;][vc_single_image image=&#8220;2300&#8243; img_size=&#8220;medium&#8220;][\/vc_column][\/vc_row][vc_row][vc_column][vc_column_text]<strong>Dr. Ina Knobloch, Autorin und Regisseurin<\/strong><\/p>\n<p><strong>\u00a0<\/strong>Ina Knobloch wurde 1963 in Karlsruhe geboren und wuchs in Frankfurt auf. Nach \u00a0einem l\u00e4ngeren Aufenthalt in Kanada studierte sie in Frankfurt Biologie. Das Studium wurde ihr durch verschiedene Stipendien erm\u00f6glicht, vor allem f\u00fcr ihre Auslandsaufenthalte in Basel, Paris und Costa Rica. Nebenbei spielte sie Theater und nahm Sprechunterricht. Auf das Studium folgte die ebenfalls durch Stipendien gef\u00f6rderte Promotion, in Frankfurt und Costa Rica geh\u00f6rte, das ihre Leidenschaft f\u00fcr\u00a0 Natur, Abenteuer und Schreiben weckte, 1989 erschien ihr Buch \u00fcber Costa Rica im Hildebrand-Verlag.<\/p>\n<p>Neben Studium und Promotion fing sie an f\u00fcr verschiedene Zeitungen und Zeitschriften, wie FAZ und Stern \u00fcber wissenschaftliche Themen zu berichten. Die journalistische Ader wurde nach der Promotion zum Hauptberuf und f\u00fchrte sie \u00fcber den H\u00f6rfunk zum Fernsehen, gef\u00f6rdert von der Robert Bosch Stiftung f\u00fcr Wissenschaftsjournalismus. Bereits 1989 produzierte und realisierte sie ihren ersten langen Film \u00fcber Costa Rica, dem zahlreiche weitere Filme und Reportagen aus Deutschland und aller Welt folgten, wie die ARD-Reihe \u201eDeutschlands wilde Tiere\u201c oder die HR\/3SAT-Reihe \u201eExpedition ins Pflanzenreich\u201c oder der ARTE-Reihe \u201eGeschichten um eine Pflanze\u201c oder \u201eBauern in Europa\u201c Teile der ZDF-Reihe \u201eJ\u00e4ger verlorener Sch\u00e4tze\u201c, sowie Themenabende und Einzelfeature. Doch die Beitr\u00e4ge lie\u00dfen ihr nicht genug Raum zum Erz\u00e4hlen und sie fing wieder an B\u00fccher und auch Spielfilmdrehb\u00fccher (z.B.Grzimek) zu schreiben. Nach \u201eCosta Rica\u201c (Hildebrand) Rosenduft und Bl\u00fctenzauber\u201c (Fischer\/Scherz) und \u201eDas Geheimnis der Schatzinsel\u201c (Mare) war \u201eDer Duftmacher\u201c (Piper\/Pendo) ihr Debutroman. Zahlreiche Vortr\u00e4ge im In- und Ausland auf Kreuzfahrtschiffen und Lesereisen kommen hinzu. In Filmen bereitet sie die Hintergr\u00fcnde ihrer Literatur auf, \u00a0wie \u201eDas Parfum \u2013 Die wahre Geschichte\u201c (Dokudrama ZDF\/ARTE 2014) oder \u201eDas Geheimnis der Schatzinsel\u201c (SWR\/ARTE), ihre aktuelle ARTE-Reihe \u201eWipfelgl\u00fcck\u201c beruht auf ihrer eigenen Vita.[\/vc_column_text][\/vc_column][\/vc_row][vc_row][vc_column css=&#8220;.vc_custom_1476968296999{padding-top: 25px !important;padding-bottom: 25px !important;}&#8220;][vc_text_separator title=&#8220;Presseartikel&#8220; color=&#8220;mulled_wine&#8220;][vc_gallery type=&#8220;image_grid&#8220; images=&#8220;2277,2284,2278,2283,2279,2282,2276,2442&#8243; title=&#8220; &#8222;][\/vc_column][\/vc_row][vc_row][vc_column][\/vc_column][\/vc_row]<\/p>\n","protected":false},"excerpt":{"rendered":"<p>[vc_row][vc_column css=&#8220;.vc_custom_1476966999218{margin-right: -100px !important;}&#8220;][vc_single_image image=&#8220;2300&#8243; img_size=&#8220;medium&#8220;][\/vc_column][\/vc_row][vc_row][vc_column][vc_column_text]Dr. Ina Knobloch, Autorin und Regisseurin \u00a0Ina Knobloch wurde 1963 in Karlsruhe geboren und wuchs in Frankfurt auf. Nach \u00a0einem l\u00e4ngeren<span class=\"excerpt-hellip\"> [\u2026]<\/span><\/p>\n","protected":false},"author":1,"featured_media":0,"parent":2324,"menu_order":0,"comment_status":"closed","ping_status":"closed","template":"","meta":{"footnotes":""},"class_list":["post-2436","page","type-page","status-publish","hentry"],"_links":{"self":[{"href":"https:\/\/city-media-tv.de\/index.php?rest_route=\/wp\/v2\/pages\/2436","targetHints":{"allow":["GET"]}}],"collection":[{"href":"https:\/\/city-media-tv.de\/index.php?rest_route=\/wp\/v2\/pages"}],"about":[{"href":"https:\/\/city-media-tv.de\/index.php?rest_route=\/wp\/v2\/types\/page"}],"author":[{"embeddable":true,"href":"https:\/\/city-media-tv.de\/index.php?rest_route=\/wp\/v2\/users\/1"}],"replies":[{"embeddable":true,"href":"https:\/\/city-media-tv.de\/index.php?rest_route=%2Fwp%2Fv2%2Fcomments&post=2436"}],"version-history":[{"count":7,"href":"https:\/\/city-media-tv.de\/index.php?rest_route=\/wp\/v2\/pages\/2436\/revisions"}],"predecessor-version":[{"id":2445,"href":"https:\/\/city-media-tv.de\/index.php?rest_route=\/wp\/v2\/pages\/2436\/revisions\/2445"}],"up":[{"embeddable":true,"href":"https:\/\/city-media-tv.de\/index.php?rest_route=\/wp\/v2\/pages\/2324"}],"wp:attachment":[{"href":"https:\/\/city-media-tv.de\/index.php?rest_route=%2Fwp%2Fv2%2Fmedia&parent=2436"}],"curies":[{"name":"wp","href":"https:\/\/api.w.org\/{rel}","templated":true}]}}